{"id":3661,"date":"2024-11-06T16:54:22","date_gmt":"2024-11-06T15:54:22","guid":{"rendered":"https:\/\/ferdinandcup.com\/?page_id=3661"},"modified":"2024-11-06T18:58:05","modified_gmt":"2024-11-06T17:58:05","slug":"presse","status":"publish","type":"page","link":"https:\/\/ferdinandcup.com\/en\/presse\/","title":{"rendered":"Presse"},"content":{"rendered":"<div data-elementor-type=\"wp-page\" data-elementor-id=\"3661\" class=\"elementor elementor-3661\" data-elementor-post-type=\"page\">\n\t\t\t\t\t\t<section class=\"elementor-section elementor-top-section elementor-element elementor-element-b10f46c elementor-section-height-min-height elementor-section-boxed elementor-section-height-default elementor-section-items-middle\" data-id=\"b10f46c\" data-element_type=\"section\" data-e-type=\"section\" data-settings=\"{&quot;background_background&quot;:&quot;classic&quot;}\">\n\t\t\t\t\t\t\t<div class=\"elementor-background-overlay\"><\/div>\n\t\t\t\t\t\t\t<div class=\"elementor-container elementor-column-gap-default\">\n\t\t\t\t\t<div class=\"elementor-column elementor-col-100 elementor-top-column elementor-element elementor-element-16aae20\" data-id=\"16aae20\" data-element_type=\"column\" data-e-type=\"column\">\n\t\t\t<div class=\"elementor-widget-wrap elementor-element-populated\">\n\t\t\t\t\t\t<div class=\"elementor-element elementor-element-7647dd2 elementor-widget elementor-widget-heading\" data-id=\"7647dd2\" data-element_type=\"widget\" data-e-type=\"widget\" data-widget_type=\"heading.default\">\n\t\t\t\t<div class=\"elementor-widget-container\">\n\t\t\t\t\t<h1 class=\"elementor-heading-title elementor-size-default\">Presse<\/h1>\t\t\t\t<\/div>\n\t\t\t\t<\/div>\n\t\t\t\t\t<\/div>\n\t\t<\/div>\n\t\t\t\t\t<\/div>\n\t\t<\/section>\n\t\t\t\t<section class=\"elementor-section elementor-top-section elementor-element elementor-element-d7e2102 elementor-section-boxed elementor-section-height-default elementor-section-height-default\" data-id=\"d7e2102\" data-element_type=\"section\" data-e-type=\"section\">\n\t\t\t\t\t\t<div class=\"elementor-container elementor-column-gap-default\">\n\t\t\t\t\t<div class=\"elementor-column elementor-col-100 elementor-top-column elementor-element elementor-element-49bd91f\" data-id=\"49bd91f\" data-element_type=\"column\" data-e-type=\"column\">\n\t\t\t<div class=\"elementor-widget-wrap elementor-element-populated\">\n\t\t\t\t\t\t<div class=\"elementor-element elementor-element-43cb9d8 elementor-widget elementor-widget-heading\" data-id=\"43cb9d8\" data-element_type=\"widget\" data-e-type=\"widget\" data-widget_type=\"heading.default\">\n\t\t\t\t<div class=\"elementor-widget-container\">\n\t\t\t\t\t<h2 class=\"elementor-heading-title elementor-size-default\">retrouvez tous nos communiqu\u00e9s de presse sur cette page<\/h2>\t\t\t\t<\/div>\n\t\t\t\t<\/div>\n\t\t\t\t<div class=\"elementor-element elementor-element-94b8149 elementor-widget elementor-widget-text-editor\" data-id=\"94b8149\" data-element_type=\"widget\" data-e-type=\"widget\" data-widget_type=\"text-editor.default\">\n\t\t\t\t<div class=\"elementor-widget-container\">\n\t\t\t\t\t\t\t\t\t<p><em>Pas encore de communiqu\u00e9s disponibles.<\/em><\/p>\t\t\t\t\t\t\t\t<\/div>\n\t\t\t\t<\/div>\n\t\t\t\t\t<\/div>\n\t\t<\/div>\n\t\t\t\t\t<\/div>\n\t\t<\/section>\n\t\t\t\t<section class=\"elementor-section elementor-top-section elementor-element elementor-element-d4825ee elementor-section-boxed elementor-section-height-default elementor-section-height-default\" data-id=\"d4825ee\" data-element_type=\"section\" data-e-type=\"section\">\n\t\t\t\t\t\t<div class=\"elementor-container elementor-column-gap-wider\">\n\t\t\t\t\t<div class=\"elementor-column elementor-col-50 elementor-top-column elementor-element elementor-element-5e793b6\" data-id=\"5e793b6\" data-element_type=\"column\" data-e-type=\"column\" data-settings=\"{&quot;background_background&quot;:&quot;classic&quot;}\">\n\t\t\t<div class=\"elementor-widget-wrap elementor-element-populated\">\n\t\t\t\t\t<div class=\"elementor-background-overlay\"><\/div>\n\t\t\t\t\t\t<div class=\"elementor-element elementor-element-8460186 elementor-widget elementor-widget-heading\" data-id=\"8460186\" data-element_type=\"widget\" data-e-type=\"widget\" data-widget_type=\"heading.default\">\n\t\t\t\t<div class=\"elementor-widget-container\">\n\t\t\t\t\t<h2 class=\"elementor-heading-title elementor-size-default\">Recevez nos communiqu\u00e9s de presse <\/h2>\t\t\t\t<\/div>\n\t\t\t\t<\/div>\n\t\t\t\t<div class=\"elementor-element elementor-element-6755dd9 elementor-widget elementor-widget-text-editor\" data-id=\"6755dd9\" data-element_type=\"widget\" data-e-type=\"widget\" data-widget_type=\"text-editor.default\">\n\t\t\t\t<div class=\"elementor-widget-container\">\n\t\t\t\t\t\t\t\t\t<p>Inscrivez-vous \u00e0 notre liste de diffusion presse pour recevoir tous nos communiqu\u00e9s de presse directement dans votre boite mail.<\/p>\t\t\t\t\t\t\t\t<\/div>\n\t\t\t\t<\/div>\n\t\t\t\t<div class=\"elementor-element elementor-element-aace098 elementor-widget elementor-widget-shortcode\" data-id=\"aace098\" data-element_type=\"widget\" data-e-type=\"widget\" data-widget_type=\"shortcode.default\">\n\t\t\t\t<div class=\"elementor-widget-container\">\n\t\t\t\t\t\t\t<div class=\"elementor-shortcode\">\n\t\t\t<form id=\"sib_signup_form_1\" method=\"post\" class=\"sib_signup_form\" action=\"\">\n\t\t\t\t<div class=\"sib_loader\" style=\"display:none;\"><img\n\t\t\t\t\t\t\tsrc=\"https:\/\/ferdinandcup.com\/wp-includes\/images\/spinner.gif\" alt=\"loader\"><\/div>\n\t\t\t\t<input type=\"hidden\" name=\"sib_form_action\" value=\"subscribe_form_submit\">\n\t\t\t\t<input type=\"hidden\" name=\"sib_form_id\" value=\"1\">\n                <input type=\"hidden\" name=\"sib_form_alert_notice\" value=\"Merci de remplir cet espace\">\n                <input type=\"hidden\" name=\"sib_form_invalid_email_notice\" value=\"Votre adresse mail est invalide\">\n                <input type=\"hidden\" name=\"sib_security\" value=\"d7b2a7b44d\">\n\t\t\t\t<div class=\"sib_signup_box_inside_1\">\n\t\t\t\t\t<div style=\"\/*display:none*\/\" class=\"sib_msg_disp\">\n\t\t\t\t\t<\/div>\n                    \t\t\t\t\t<p class=\"sib-email-area\">\r\n\r\n    <input type=\"email\" class=\"sib-email-area\" name=\"email\" required=\"required\">\r\n<\/p>\r\n    <input type=\"submit\" class=\"sib-default-btn\" value=\"S'inscrire\">\r\n<\/p>\r\n\t\t\t\t<\/div>\n\t\t\t<input type=\"hidden\" name=\"trp-form-language\" value=\"en\"\/><\/form>\n\t\t\t<style>\n\t\t\t\tform#sib_signup_form_1 p.sib-alert-message {\n    padding: 6px 12px;\n    margin-bottom: 20px;\n    border: 1px solid transparent;\n    border-radius: 4px;\n    -webkit-box-sizing: border-box;\n    -moz-box-sizing: border-box;\n    box-sizing: border-box;\n}\nform#sib_signup_form_1 p.sib-alert-message-error {\n    background-color: #f2dede;\n    border-color: #ebccd1;\n    color: #a94442;\n}\nform#sib_signup_form_1 p.sib-alert-message-success {\n    background-color: #dff0d8;\n    border-color: #d6e9c6;\n    color: #3c763d;\n}\nform#sib_signup_form_1 p.sib-alert-message-warning {\n    background-color: #fcf8e3;\n    border-color: #faebcc;\n    color: #8a6d3b;\n}\n\t\t\t<\/style>\n\t\t\t<\/div>\n\t\t\t\t\t\t<\/div>\n\t\t\t\t<\/div>\n\t\t\t\t\t<\/div>\n\t\t<\/div>\n\t\t\t\t<div class=\"elementor-column elementor-col-50 elementor-top-column elementor-element elementor-element-2662417\" data-id=\"2662417\" data-element_type=\"column\" data-e-type=\"column\" data-settings=\"{&quot;background_background&quot;:&quot;classic&quot;}\">\n\t\t\t<div class=\"elementor-widget-wrap elementor-element-populated\">\n\t\t\t\t\t<div class=\"elementor-background-overlay\"><\/div>\n\t\t\t\t\t\t<div class=\"elementor-element elementor-element-09884cb elementor-widget elementor-widget-heading\" data-id=\"09884cb\" data-element_type=\"widget\" data-e-type=\"widget\" data-widget_type=\"heading.default\">\n\t\t\t\t<div class=\"elementor-widget-container\">\n\t\t\t\t\t<h2 class=\"elementor-heading-title elementor-size-default\">Contactez-nous<\/h2>\t\t\t\t<\/div>\n\t\t\t\t<\/div>\n\t\t\t\t<div class=\"elementor-element elementor-element-6f28ca8 elementor-widget elementor-widget-text-editor\" data-id=\"6f28ca8\" data-element_type=\"widget\" data-e-type=\"widget\" data-widget_type=\"text-editor.default\">\n\t\t\t\t<div class=\"elementor-widget-container\">\n\t\t\t\t\t\t\t\t\t<p>Vous \u00eates journaliste, influenceur ou photographe et souhaitez couvrir un de nos meetings? Contactez-nous sur notre adresse mail d\u00e9di\u00e9e : <a href=\"mailto:communication@ferdinandcup.com\">communication@ferdinandcup.com<\/a><\/p>\t\t\t\t\t\t\t\t<\/div>\n\t\t\t\t<\/div>\n\t\t\t\t<div class=\"elementor-element elementor-element-9f373bf elementor-align-left elementor-mobile-align-center elementor-widget elementor-widget-button\" data-id=\"9f373bf\" data-element_type=\"widget\" data-e-type=\"widget\" data-widget_type=\"button.default\">\n\t\t\t\t<div class=\"elementor-widget-container\">\n\t\t\t\t\t\t\t\t\t<div class=\"elementor-button-wrapper\">\n\t\t\t\t\t<a class=\"elementor-button elementor-button-link elementor-size-sm elementor-animation-shrink\" href=\"\/en\/contact\/\">\n\t\t\t\t\t\t<span class=\"elementor-button-content-wrapper\">\n\t\t\t\t\t\t<span class=\"elementor-button-icon\">\n\t\t\t\t<i aria-hidden=\"true\" class=\"far fa-comment\"><\/i>\t\t\t<\/span>\n\t\t\t\t\t\t\t\t\t<span class=\"elementor-button-text\">Contact<\/span>\n\t\t\t\t\t<\/span>\n\t\t\t\t\t<\/a>\n\t\t\t\t<\/div>\n\t\t\t\t\t\t\t\t<\/div>\n\t\t\t\t<\/div>\n\t\t\t\t\t<\/div>\n\t\t<\/div>\n\t\t\t\t\t<\/div>\n\t\t<\/section>\n\t\t\t\t<section class=\"elementor-section elementor-top-section elementor-element elementor-element-ea335a8 elementor-section-boxed elementor-section-height-default elementor-section-height-default\" data-id=\"ea335a8\" data-element_type=\"section\" data-e-type=\"section\">\n\t\t\t\t\t\t<div class=\"elementor-container elementor-column-gap-default\">\n\t\t\t\t\t<div class=\"elementor-column elementor-col-100 elementor-top-column elementor-element elementor-element-c8ce464\" data-id=\"c8ce464\" data-element_type=\"column\" data-e-type=\"column\">\n\t\t\t<div class=\"elementor-widget-wrap\">\n\t\t\t\t\t\t\t<\/div>\n\t\t<\/div>\n\t\t\t\t\t<\/div>\n\t\t<\/section>\n\t\t\t\t<\/div>","protected":false},"excerpt":{"rendered":"<p>retrouvez tous nos communiqu\u00e9s de presse sur cette page Pas encore de communiqu\u00e9s disponibles. Recevez nos communiqu\u00e9s de presse Inscrivez-vous \u00e0 notre liste de diffusion presse pour recevoir tous nos communiqu\u00e9s de presse directement dans votre boite mail. Contactez-nous Vous \u00eates journaliste, influenceur ou photographe et souhaitez couvrir un de nos meetings? Contactez-nous sur notre [&hellip;]<\/p>\n","protected":false},"author":1,"featured_media":0,"parent":0,"menu_order":0,"comment_status":"closed","ping_status":"closed","template":"elementor_header_footer","meta":{"footnotes":""},"class_list":["post-3661","page","type-page","status-publish","hentry"],"yoast_head":"<!-- This site is optimized with the Yoast SEO plugin v27.3 - https:\/\/yoast.com\/product\/yoast-seo-wordpress\/ -->\n<title>Ferdinand Cup | Espace presse | Courses Porsche classiques &amp; historiques<\/title>\n<meta name=\"description\" content=\"Retrouvez tous nos communiqu\u00e9s de presse et les informations essentielles sur notre championnat sur la page presse.\" \/>\n<meta name=\"robots\" content=\"index, follow, max-snippet:-1, max-image-preview:large, max-video-preview:-1\" \/>\n<link rel=\"canonical\" href=\"https:\/\/ferdinandcup.com\/en\/presse\/\" \/>\n<meta property=\"og:locale\" content=\"en_GB\" \/>\n<meta property=\"og:type\" content=\"article\" \/>\n<meta property=\"og:title\" content=\"Ferdinand Cup | Espace presse | Courses Porsche classiques &amp; historiques\" \/>\n<meta property=\"og:description\" content=\"Retrouvez tous nos communiqu\u00e9s de presse et les informations essentielles sur notre championnat sur la page presse.\" \/>\n<meta property=\"og:url\" content=\"https:\/\/ferdinandcup.com\/en\/presse\/\" \/>\n<meta property=\"og:site_name\" content=\"Ferdinand Cup\" \/>\n<meta property=\"article:publisher\" content=\"https:\/\/www.facebook.com\/FerdinandCup\" \/>\n<meta property=\"article:modified_time\" content=\"2024-11-06T17:58:05+00:00\" \/>\n<meta name=\"twitter:card\" content=\"summary_large_image\" \/>\n<meta name=\"twitter:label1\" content=\"Estimated reading time\" \/>\n\t<meta name=\"twitter:data1\" content=\"1 minute\" \/>\n<script type=\"application\/ld+json\" class=\"yoast-schema-graph\">{\"@context\":\"https:\\\/\\\/schema.org\",\"@graph\":[{\"@type\":\"WebPage\",\"@id\":\"https:\\\/\\\/ferdinandcup.com\\\/presse\\\/\",\"url\":\"https:\\\/\\\/ferdinandcup.com\\\/presse\\\/\",\"name\":\"Ferdinand Cup | Espace presse | Courses Porsche classiques & historiques\",\"isPartOf\":{\"@id\":\"https:\\\/\\\/ferdinandcup.com\\\/#website\"},\"datePublished\":\"2024-11-06T15:54:22+00:00\",\"dateModified\":\"2024-11-06T17:58:05+00:00\",\"description\":\"Retrouvez tous nos communiqu\u00e9s de presse et les informations essentielles sur notre championnat sur la page presse.\",\"breadcrumb\":{\"@id\":\"https:\\\/\\\/ferdinandcup.com\\\/presse\\\/#breadcrumb\"},\"inLanguage\":\"en-GB\",\"potentialAction\":[{\"@type\":\"ReadAction\",\"target\":[\"https:\\\/\\\/ferdinandcup.com\\\/presse\\\/\"]}]},{\"@type\":\"BreadcrumbList\",\"@id\":\"https:\\\/\\\/ferdinandcup.com\\\/presse\\\/#breadcrumb\",\"itemListElement\":[{\"@type\":\"ListItem\",\"position\":1,\"name\":\"Accueil\",\"item\":\"https:\\\/\\\/ferdinandcup.com\\\/\"},{\"@type\":\"ListItem\",\"position\":2,\"name\":\"Presse\"}]},{\"@type\":\"WebSite\",\"@id\":\"https:\\\/\\\/ferdinandcup.com\\\/#website\",\"url\":\"https:\\\/\\\/ferdinandcup.com\\\/\",\"name\":\"Ferdinand Cup\",\"description\":\"La coupe 100% Porsche classiques\",\"publisher\":{\"@id\":\"https:\\\/\\\/ferdinandcup.com\\\/#organization\"},\"potentialAction\":[{\"@type\":\"SearchAction\",\"target\":{\"@type\":\"EntryPoint\",\"urlTemplate\":\"https:\\\/\\\/ferdinandcup.com\\\/?s={search_term_string}\"},\"query-input\":{\"@type\":\"PropertyValueSpecification\",\"valueRequired\":true,\"valueName\":\"search_term_string\"}}],\"inLanguage\":\"en-GB\"},{\"@type\":\"Organization\",\"@id\":\"https:\\\/\\\/ferdinandcup.com\\\/#organization\",\"name\":\"FlatOrg - Ferdinand Cup\",\"alternateName\":\"Ferdinand Cup\",\"url\":\"https:\\\/\\\/ferdinandcup.com\\\/\",\"logo\":{\"@type\":\"ImageObject\",\"inLanguage\":\"en-GB\",\"@id\":\"https:\\\/\\\/ferdinandcup.com\\\/#\\\/schema\\\/logo\\\/image\\\/\",\"url\":\"https:\\\/\\\/ferdinandcup.com\\\/wp-content\\\/uploads\\\/2023\\\/03\\\/LOGO_FERDINAND_CUP_BLANC.png\",\"contentUrl\":\"https:\\\/\\\/ferdinandcup.com\\\/wp-content\\\/uploads\\\/2023\\\/03\\\/LOGO_FERDINAND_CUP_BLANC.png\",\"width\":982,\"height\":150,\"caption\":\"FlatOrg - Ferdinand Cup\"},\"image\":{\"@id\":\"https:\\\/\\\/ferdinandcup.com\\\/#\\\/schema\\\/logo\\\/image\\\/\"},\"sameAs\":[\"https:\\\/\\\/www.facebook.com\\\/FerdinandCup\",\"https:\\\/\\\/www.instagram.com\\\/ferdinand_cup\\\/\"]}]}<\/script>\n<!-- \/ Yoast SEO plugin. -->","yoast_head_json":{"title":"Ferdinand Cup | Espace presse | Courses Porsche classiques & historiques","description":"Retrouvez tous nos communiqu\u00e9s de presse et les informations essentielles sur notre championnat sur la page presse.","robots":{"index":"index","follow":"follow","max-snippet":"max-snippet:-1","max-image-preview":"max-image-preview:large","max-video-preview":"max-video-preview:-1"},"canonical":"https:\/\/ferdinandcup.com\/en\/presse\/","og_locale":"en_GB","og_type":"article","og_title":"Ferdinand Cup | Espace presse | Courses Porsche classiques & historiques","og_description":"Retrouvez tous nos communiqu\u00e9s de presse et les informations essentielles sur notre championnat sur la page presse.","og_url":"https:\/\/ferdinandcup.com\/en\/presse\/","og_site_name":"Ferdinand Cup","article_publisher":"https:\/\/www.facebook.com\/FerdinandCup","article_modified_time":"2024-11-06T17:58:05+00:00","twitter_card":"summary_large_image","twitter_misc":{"Estimated reading time":"1 minute"},"schema":{"@context":"https:\/\/schema.org","@graph":[{"@type":"WebPage","@id":"https:\/\/ferdinandcup.com\/presse\/","url":"https:\/\/ferdinandcup.com\/presse\/","name":"Ferdinand Cup | Espace presse | Courses Porsche classiques & historiques","isPartOf":{"@id":"https:\/\/ferdinandcup.com\/#website"},"datePublished":"2024-11-06T15:54:22+00:00","dateModified":"2024-11-06T17:58:05+00:00","description":"Retrouvez tous nos communiqu\u00e9s de presse et les informations essentielles sur notre championnat sur la page presse.","breadcrumb":{"@id":"https:\/\/ferdinandcup.com\/presse\/#breadcrumb"},"inLanguage":"en-GB","potentialAction":[{"@type":"ReadAction","target":["https:\/\/ferdinandcup.com\/presse\/"]}]},{"@type":"BreadcrumbList","@id":"https:\/\/ferdinandcup.com\/presse\/#breadcrumb","itemListElement":[{"@type":"ListItem","position":1,"name":"Accueil","item":"https:\/\/ferdinandcup.com\/"},{"@type":"ListItem","position":2,"name":"Presse"}]},{"@type":"WebSite","@id":"https:\/\/ferdinandcup.com\/#website","url":"https:\/\/ferdinandcup.com\/","name":"Ferdinand Cup","description":"La coupe 100% Porsche classiques","publisher":{"@id":"https:\/\/ferdinandcup.com\/#organization"},"potentialAction":[{"@type":"SearchAction","target":{"@type":"EntryPoint","urlTemplate":"https:\/\/ferdinandcup.com\/?s={search_term_string}"},"query-input":{"@type":"PropertyValueSpecification","valueRequired":true,"valueName":"search_term_string"}}],"inLanguage":"en-GB"},{"@type":"Organization","@id":"https:\/\/ferdinandcup.com\/#organization","name":"FlatOrg - Ferdinand Cup","alternateName":"Ferdinand Cup","url":"https:\/\/ferdinandcup.com\/","logo":{"@type":"ImageObject","inLanguage":"en-GB","@id":"https:\/\/ferdinandcup.com\/#\/schema\/logo\/image\/","url":"https:\/\/ferdinandcup.com\/wp-content\/uploads\/2023\/03\/LOGO_FERDINAND_CUP_BLANC.png","contentUrl":"https:\/\/ferdinandcup.com\/wp-content\/uploads\/2023\/03\/LOGO_FERDINAND_CUP_BLANC.png","width":982,"height":150,"caption":"FlatOrg - Ferdinand Cup"},"image":{"@id":"https:\/\/ferdinandcup.com\/#\/schema\/logo\/image\/"},"sameAs":["https:\/\/www.facebook.com\/FerdinandCup","https:\/\/www.instagram.com\/ferdinand_cup\/"]}]}},"_links":{"self":[{"href":"https:\/\/ferdinandcup.com\/en\/wp-json\/wp\/v2\/pages\/3661","targetHints":{"allow":["GET"]}}],"collection":[{"href":"https:\/\/ferdinandcup.com\/en\/wp-json\/wp\/v2\/pages"}],"about":[{"href":"https:\/\/ferdinandcup.com\/en\/wp-json\/wp\/v2\/types\/page"}],"author":[{"embeddable":true,"href":"https:\/\/ferdinandcup.com\/en\/wp-json\/wp\/v2\/users\/1"}],"replies":[{"embeddable":true,"href":"https:\/\/ferdinandcup.com\/en\/wp-json\/wp\/v2\/comments?post=3661"}],"version-history":[{"count":22,"href":"https:\/\/ferdinandcup.com\/en\/wp-json\/wp\/v2\/pages\/3661\/revisions"}],"predecessor-version":[{"id":3684,"href":"https:\/\/ferdinandcup.com\/en\/wp-json\/wp\/v2\/pages\/3661\/revisions\/3684"}],"wp:attachment":[{"href":"https:\/\/ferdinandcup.com\/en\/wp-json\/wp\/v2\/media?parent=3661"}],"curies":[{"name":"wp","href":"https:\/\/api.w.org\/{rel}","templated":true}]}}