{"id":888,"date":"2023-03-18T22:39:24","date_gmt":"2023-03-18T21:39:24","guid":{"rendered":"https:\/\/ferdinandcup.fr\/?page_id=888"},"modified":"2023-04-05T10:05:08","modified_gmt":"2023-04-05T08:05:08","slug":"mentions-legales","status":"publish","type":"page","link":"https:\/\/ferdinandcup.com\/en\/mentions-legales\/","title":{"rendered":"Mentions L\u00e9gales"},"content":{"rendered":"<div data-elementor-type=\"wp-page\" data-elementor-id=\"888\" class=\"elementor elementor-888\" data-elementor-post-type=\"page\">\n\t\t\t\t\t\t<section class=\"elementor-section elementor-top-section elementor-element elementor-element-794142b1 elementor-section-height-min-height elementor-section-boxed elementor-section-height-default elementor-section-items-middle\" data-id=\"794142b1\" data-element_type=\"section\" data-e-type=\"section\" data-settings=\"{&quot;background_background&quot;:&quot;classic&quot;}\">\n\t\t\t\t\t\t\t<div class=\"elementor-background-overlay\"><\/div>\n\t\t\t\t\t\t\t<div class=\"elementor-container elementor-column-gap-default\">\n\t\t\t\t\t<div class=\"elementor-column elementor-col-100 elementor-top-column elementor-element elementor-element-fb83574\" data-id=\"fb83574\" data-element_type=\"column\" data-e-type=\"column\">\n\t\t\t<div class=\"elementor-widget-wrap elementor-element-populated\">\n\t\t\t\t\t\t<div class=\"elementor-element elementor-element-d2fb838 elementor-widget elementor-widget-heading\" data-id=\"d2fb838\" data-element_type=\"widget\" data-e-type=\"widget\" data-widget_type=\"heading.default\">\n\t\t\t\t<div class=\"elementor-widget-container\">\n\t\t\t\t\t<h2 class=\"elementor-heading-title elementor-size-default\">Mentions L\u00e9gales<\/h2>\t\t\t\t<\/div>\n\t\t\t\t<\/div>\n\t\t\t\t\t<\/div>\n\t\t<\/div>\n\t\t\t\t\t<\/div>\n\t\t<\/section>\n\t\t\t\t<section class=\"elementor-section elementor-top-section elementor-element elementor-element-6ab0220 elementor-section-boxed elementor-section-height-default elementor-section-height-default\" data-id=\"6ab0220\" data-element_type=\"section\" data-e-type=\"section\">\n\t\t\t\t\t\t<div class=\"elementor-container elementor-column-gap-default\">\n\t\t\t\t\t<div class=\"elementor-column elementor-col-100 elementor-top-column elementor-element elementor-element-625151d\" data-id=\"625151d\" data-element_type=\"column\" data-e-type=\"column\">\n\t\t\t<div class=\"elementor-widget-wrap elementor-element-populated\">\n\t\t\t\t\t\t<div class=\"elementor-element elementor-element-23ae0b9 elementor-widget elementor-widget-text-editor\" data-id=\"23ae0b9\" data-element_type=\"widget\" data-e-type=\"widget\" data-widget_type=\"text-editor.default\">\n\t\t\t\t<div class=\"elementor-widget-container\">\n\t\t\t\t\t\t\t\t\t<p><span style=\"font-weight: 400;\">Conform\u00e9ment aux dispositions de la loi n\u00b0 2004-575 du 21 juin 2004 pour la confiance en l&rsquo;\u00e9conomie num\u00e9rique, il est pr\u00e9cis\u00e9 aux utilisateurs du site Ferdinand Cup l&rsquo;identit\u00e9 des diff\u00e9rents intervenants dans le cadre de sa r\u00e9alisation et de son suivi.<\/span><\/p><p>\u00a0<\/p><p><b>Edition du site\u00a0<\/b><\/p><p>\u00a0<\/p><p><span style=\"font-weight: 400;\">Le pr\u00e9sent site, accessible \u00e0 l\u2019URL www.ferdinandcup.com (le \u00ab Site \u00bb), est \u00e9dit\u00e9 par :<\/span><\/p><p><i><span style=\"font-weight: 400;\"><br \/><\/span><\/i><span style=\"font-weight: 400;\">Flatorg , soci\u00e9t\u00e9 au capital de 1000 euros, inscrite au R.C.S. de DRAGUIGNAN sous le num\u00e9ro RCS Draguignan B 908 726 722, dont le si\u00e8ge social est situ\u00e9 au 294 RTE PETITE ROUTE DE MARSEILLE 83470 SAINT-MAXIMIN-LA-SAINTE-BAUME, repr\u00e9sent\u00e9(e) par Stephane ENOUT d\u00fbment habilit\u00e9(e)<\/span><\/p><p>\u00a0<\/p><p><span style=\"font-weight: 400;\">Le num\u00e9ro individuel TVA de l\u2019\u00e9diteur est : FR28908726722.<\/span><\/p><p>\u00a0<\/p><p><b>H\u00e9bergement<\/b><\/p><p><span style=\"font-weight: 400;\"><br \/><\/span><span style=\"font-weight: 400;\">Le Site est h\u00e9berg\u00e9 par la soci\u00e9t\u00e9 OVH SAS, situ\u00e9 2 rue Kellermann &#8211; BP 80157 &#8211; 59053 Roubaix Cedex 1, (contact t\u00e9l\u00e9phonique ou email : 1007).<\/span><\/p><p>\u00a0<\/p><p><b>Directeur de publication\u00a0<\/b><\/p><p><span style=\"font-weight: 400;\"><br \/><\/span><span style=\"font-weight: 400;\">Le Directeur de la publication du Site est Stephane ENOUT .<\/span><\/p><p>\u00a0<\/p><p><b>Nous contacter\u00a0<\/b><\/p><p><span style=\"font-weight: 400;\"><br \/><\/span><span style=\"font-weight: 400;\">Par t\u00e9l\u00e9phone\u00a0: +33620335044<\/span><\/p><p><span style=\"font-weight: 400;\">Par email\u00a0: ferdinandcup911@gmail.com<\/span><\/p><p><span style=\"font-weight: 400;\">Par courrier\u00a0: 294 RTE PETITE ROUTE DE MARSEILLE 83470 SAINT-MAXIMIN-LA-SAINTE-BAUME<\/span><\/p><p>\u00a0<\/p><p><b>Donn\u00e9es personnelles<\/b><\/p><p>\u00a0<\/p><p><span style=\"font-weight: 400;\">Le traitement de vos donn\u00e9es \u00e0 caract\u00e8re personnel est r\u00e9gi par notre Charte du respect de la vie priv\u00e9e, disponible depuis la section \u00ab\u00a0Charte de Protection des Donn\u00e9es Personnelles\u00a0\u00bb, conform\u00e9ment au R\u00e8glement G\u00e9n\u00e9ral sur la Protection des Donn\u00e9es 2016\/679 du 27 avril 2016 (\u00abRGPD\u00bb).<\/span><\/p><p>\u00a0<\/p><p><span style=\"font-weight: 400;\">G\u00e9n\u00e9ration des mentions l\u00e9gales par <\/span><a href=\"https:\/\/www.legalstart.fr\/\"><span style=\"font-weight: 400;\">Legalstart<\/span><\/a><span style=\"font-weight: 400;\">.<\/span><\/p>\t\t\t\t\t\t\t\t<\/div>\n\t\t\t\t<\/div>\n\t\t\t\t\t<\/div>\n\t\t<\/div>\n\t\t\t\t\t<\/div>\n\t\t<\/section>\n\t\t\t\t<\/div>","protected":false},"excerpt":{"rendered":"<p>Conform\u00e9ment aux dispositions de la loi n\u00b0 2004-575 du 21 juin 2004 pour la confiance en l&rsquo;\u00e9conomie num\u00e9rique, il est pr\u00e9cis\u00e9 aux utilisateurs du site Ferdinand Cup l&rsquo;identit\u00e9 des diff\u00e9rents intervenants dans le cadre de sa r\u00e9alisation et de son suivi. Edition du site&nbsp; Le pr\u00e9sent site, accessible \u00e0 l\u2019URL www.ferdinandcup.com (le \u00ab Site \u00bb), [&hellip;]<\/p>\n","protected":false},"author":1,"featured_media":0,"parent":0,"menu_order":0,"comment_status":"closed","ping_status":"closed","template":"elementor_header_footer","meta":{"footnotes":""},"class_list":["post-888","page","type-page","status-publish","hentry"],"yoast_head":"<!-- This site is optimized with the Yoast SEO plugin v27.2 - https:\/\/yoast.com\/product\/yoast-seo-wordpress\/ -->\n<title>Mentions L\u00e9gales - Ferdinand Cup<\/title>\n<meta name=\"robots\" content=\"index, nofollow, max-snippet:-1, max-image-preview:large, max-video-preview:-1\" \/>\n<link rel=\"canonical\" href=\"https:\/\/ferdinandcup.com\/en\/mentions-legales\/\" \/>\n<meta property=\"og:locale\" content=\"en_GB\" \/>\n<meta property=\"og:type\" content=\"article\" \/>\n<meta property=\"og:title\" content=\"Mentions L\u00e9gales - Ferdinand Cup\" \/>\n<meta property=\"og:description\" content=\"Conform\u00e9ment aux dispositions de la loi n\u00b0 2004-575 du 21 juin 2004 pour la confiance en l&rsquo;\u00e9conomie num\u00e9rique, il est pr\u00e9cis\u00e9 aux utilisateurs du site Ferdinand Cup l&rsquo;identit\u00e9 des diff\u00e9rents intervenants dans le cadre de sa r\u00e9alisation et de son suivi. Edition du site&nbsp; Le pr\u00e9sent site, accessible \u00e0 l\u2019URL www.ferdinandcup.com (le \u00ab Site \u00bb), [&hellip;]\" \/>\n<meta property=\"og:url\" content=\"https:\/\/ferdinandcup.com\/en\/mentions-legales\/\" \/>\n<meta property=\"og:site_name\" content=\"Ferdinand Cup\" \/>\n<meta property=\"article:publisher\" content=\"https:\/\/www.facebook.com\/FerdinandCup\" \/>\n<meta property=\"article:modified_time\" content=\"2023-04-05T08:05:08+00:00\" \/>\n<meta name=\"twitter:card\" content=\"summary_large_image\" \/>\n<meta name=\"twitter:label1\" content=\"Estimated reading time\" \/>\n\t<meta name=\"twitter:data1\" content=\"2 minutes\" \/>\n<script type=\"application\/ld+json\" class=\"yoast-schema-graph\">{\"@context\":\"https:\/\/schema.org\",\"@graph\":[{\"@type\":\"WebPage\",\"@id\":\"https:\/\/ferdinandcup.com\/mentions-legales\/\",\"url\":\"https:\/\/ferdinandcup.com\/mentions-legales\/\",\"name\":\"Mentions L\u00e9gales - Ferdinand Cup\",\"isPartOf\":{\"@id\":\"https:\/\/ferdinandcup.com\/#website\"},\"datePublished\":\"2023-03-18T21:39:24+00:00\",\"dateModified\":\"2023-04-05T08:05:08+00:00\",\"breadcrumb\":{\"@id\":\"https:\/\/ferdinandcup.com\/mentions-legales\/#breadcrumb\"},\"inLanguage\":\"en-GB\",\"potentialAction\":[{\"@type\":\"ReadAction\",\"target\":[\"https:\/\/ferdinandcup.com\/mentions-legales\/\"]}]},{\"@type\":\"BreadcrumbList\",\"@id\":\"https:\/\/ferdinandcup.com\/mentions-legales\/#breadcrumb\",\"itemListElement\":[{\"@type\":\"ListItem\",\"position\":1,\"name\":\"Accueil\",\"item\":\"https:\/\/ferdinandcup.com\/\"},{\"@type\":\"ListItem\",\"position\":2,\"name\":\"Mentions L\u00e9gales\"}]},{\"@type\":\"WebSite\",\"@id\":\"https:\/\/ferdinandcup.com\/#website\",\"url\":\"https:\/\/ferdinandcup.com\/\",\"name\":\"Ferdinand Cup\",\"description\":\"La coupe 100% Porsche classiques\",\"publisher\":{\"@id\":\"https:\/\/ferdinandcup.com\/#organization\"},\"potentialAction\":[{\"@type\":\"SearchAction\",\"target\":{\"@type\":\"EntryPoint\",\"urlTemplate\":\"https:\/\/ferdinandcup.com\/?s={search_term_string}\"},\"query-input\":{\"@type\":\"PropertyValueSpecification\",\"valueRequired\":true,\"valueName\":\"search_term_string\"}}],\"inLanguage\":\"en-GB\"},{\"@type\":\"Organization\",\"@id\":\"https:\/\/ferdinandcup.com\/#organization\",\"name\":\"FlatOrg - Ferdinand Cup\",\"alternateName\":\"Ferdinand Cup\",\"url\":\"https:\/\/ferdinandcup.com\/\",\"logo\":{\"@type\":\"ImageObject\",\"inLanguage\":\"en-GB\",\"@id\":\"https:\/\/ferdinandcup.com\/#\/schema\/logo\/image\/\",\"url\":\"https:\/\/ferdinandcup.com\/wp-content\/uploads\/2023\/03\/LOGO_FERDINAND_CUP_BLANC.png\",\"contentUrl\":\"https:\/\/ferdinandcup.com\/wp-content\/uploads\/2023\/03\/LOGO_FERDINAND_CUP_BLANC.png\",\"width\":982,\"height\":150,\"caption\":\"FlatOrg - Ferdinand Cup\"},\"image\":{\"@id\":\"https:\/\/ferdinandcup.com\/#\/schema\/logo\/image\/\"},\"sameAs\":[\"https:\/\/www.facebook.com\/FerdinandCup\",\"https:\/\/www.instagram.com\/ferdinand_cup\/\"]}]}<\/script>\n<!-- \/ Yoast SEO plugin. -->","yoast_head_json":{"title":"Mentions L\u00e9gales - Ferdinand Cup","robots":{"index":"index","follow":"nofollow","max-snippet":"max-snippet:-1","max-image-preview":"max-image-preview:large","max-video-preview":"max-video-preview:-1"},"canonical":"https:\/\/ferdinandcup.com\/en\/mentions-legales\/","og_locale":"en_GB","og_type":"article","og_title":"Mentions L\u00e9gales - Ferdinand Cup","og_description":"Conform\u00e9ment aux dispositions de la loi n\u00b0 2004-575 du 21 juin 2004 pour la confiance en l&rsquo;\u00e9conomie num\u00e9rique, il est pr\u00e9cis\u00e9 aux utilisateurs du site Ferdinand Cup l&rsquo;identit\u00e9 des diff\u00e9rents intervenants dans le cadre de sa r\u00e9alisation et de son suivi. Edition du site&nbsp; Le pr\u00e9sent site, accessible \u00e0 l\u2019URL www.ferdinandcup.com (le \u00ab Site \u00bb), [&hellip;]","og_url":"https:\/\/ferdinandcup.com\/en\/mentions-legales\/","og_site_name":"Ferdinand Cup","article_publisher":"https:\/\/www.facebook.com\/FerdinandCup","article_modified_time":"2023-04-05T08:05:08+00:00","twitter_card":"summary_large_image","twitter_misc":{"Estimated reading time":"2 minutes"},"schema":{"@context":"https:\/\/schema.org","@graph":[{"@type":"WebPage","@id":"https:\/\/ferdinandcup.com\/mentions-legales\/","url":"https:\/\/ferdinandcup.com\/mentions-legales\/","name":"Mentions L\u00e9gales - Ferdinand Cup","isPartOf":{"@id":"https:\/\/ferdinandcup.com\/#website"},"datePublished":"2023-03-18T21:39:24+00:00","dateModified":"2023-04-05T08:05:08+00:00","breadcrumb":{"@id":"https:\/\/ferdinandcup.com\/mentions-legales\/#breadcrumb"},"inLanguage":"en-GB","potentialAction":[{"@type":"ReadAction","target":["https:\/\/ferdinandcup.com\/mentions-legales\/"]}]},{"@type":"BreadcrumbList","@id":"https:\/\/ferdinandcup.com\/mentions-legales\/#breadcrumb","itemListElement":[{"@type":"ListItem","position":1,"name":"Accueil","item":"https:\/\/ferdinandcup.com\/"},{"@type":"ListItem","position":2,"name":"Mentions L\u00e9gales"}]},{"@type":"WebSite","@id":"https:\/\/ferdinandcup.com\/#website","url":"https:\/\/ferdinandcup.com\/","name":"Ferdinand Cup","description":"La coupe 100% Porsche classiques","publisher":{"@id":"https:\/\/ferdinandcup.com\/#organization"},"potentialAction":[{"@type":"SearchAction","target":{"@type":"EntryPoint","urlTemplate":"https:\/\/ferdinandcup.com\/?s={search_term_string}"},"query-input":{"@type":"PropertyValueSpecification","valueRequired":true,"valueName":"search_term_string"}}],"inLanguage":"en-GB"},{"@type":"Organization","@id":"https:\/\/ferdinandcup.com\/#organization","name":"FlatOrg - Ferdinand Cup","alternateName":"Ferdinand Cup","url":"https:\/\/ferdinandcup.com\/","logo":{"@type":"ImageObject","inLanguage":"en-GB","@id":"https:\/\/ferdinandcup.com\/#\/schema\/logo\/image\/","url":"https:\/\/ferdinandcup.com\/wp-content\/uploads\/2023\/03\/LOGO_FERDINAND_CUP_BLANC.png","contentUrl":"https:\/\/ferdinandcup.com\/wp-content\/uploads\/2023\/03\/LOGO_FERDINAND_CUP_BLANC.png","width":982,"height":150,"caption":"FlatOrg - Ferdinand Cup"},"image":{"@id":"https:\/\/ferdinandcup.com\/#\/schema\/logo\/image\/"},"sameAs":["https:\/\/www.facebook.com\/FerdinandCup","https:\/\/www.instagram.com\/ferdinand_cup\/"]}]}},"_links":{"self":[{"href":"https:\/\/ferdinandcup.com\/en\/wp-json\/wp\/v2\/pages\/888","targetHints":{"allow":["GET"]}}],"collection":[{"href":"https:\/\/ferdinandcup.com\/en\/wp-json\/wp\/v2\/pages"}],"about":[{"href":"https:\/\/ferdinandcup.com\/en\/wp-json\/wp\/v2\/types\/page"}],"author":[{"embeddable":true,"href":"https:\/\/ferdinandcup.com\/en\/wp-json\/wp\/v2\/users\/1"}],"replies":[{"embeddable":true,"href":"https:\/\/ferdinandcup.com\/en\/wp-json\/wp\/v2\/comments?post=888"}],"version-history":[{"count":11,"href":"https:\/\/ferdinandcup.com\/en\/wp-json\/wp\/v2\/pages\/888\/revisions"}],"predecessor-version":[{"id":902,"href":"https:\/\/ferdinandcup.com\/en\/wp-json\/wp\/v2\/pages\/888\/revisions\/902"}],"wp:attachment":[{"href":"https:\/\/ferdinandcup.com\/en\/wp-json\/wp\/v2\/media?parent=888"}],"curies":[{"name":"wp","href":"https:\/\/api.w.org\/{rel}","templated":true}]}}